{"id":76,"date":"2020-11-06T09:51:52","date_gmt":"2020-11-06T08:51:52","guid":{"rendered":"http:\/\/www.retouralarchipel.net\/romeree\/?page_id=76"},"modified":"2024-02-14T17:50:49","modified_gmt":"2024-02-14T16:50:49","slug":"eglises-et-cures","status":"publish","type":"page","link":"http:\/\/www.retouralarchipel.net\/romeree\/batiments\/eglises-et-cures\/","title":{"rendered":"Eglise et cur\u00e9s"},"content":{"rendered":"\n<p>L&rsquo;\u00e9glise de Romer\u00e9e est d\u00e9di\u00e9e \u00e0 Saint Remy.<\/p>\n\n\n\n<p>Elle se caract\u00e9rise par la forme particuli\u00e8re de son clocher \u00e0 plusieurs \u00e9tages.<\/p>\n\n\n\n<p>Comme l&rsquo;indique la face avant du clocher donnant sur la place du village, elle a \u00e9t\u00e9 (re)construite en 1739.<\/p>\n\n\n<div class=\"wp-block-image\">\n<figure class=\"aligncenter size-full\"><img loading=\"lazy\" decoding=\"async\" width=\"289\" height=\"573\" src=\"http:\/\/www.retouralarchipel.net\/romeree\/wp-content\/uploads\/2024\/02\/image-1.png\" alt=\"\" class=\"wp-image-296\" srcset=\"http:\/\/www.retouralarchipel.net\/romeree\/wp-content\/uploads\/2024\/02\/image-1.png 289w, http:\/\/www.retouralarchipel.net\/romeree\/wp-content\/uploads\/2024\/02\/image-1-151x300.png 151w\" sizes=\"(max-width: 289px) 100vw, 289px\" \/><figcaption class=\"wp-element-caption\">Photo Google StreetView 08\/2023<\/figcaption><\/figure><\/div>\n\n\n<p>La liste que voici a \u00e9t\u00e9 initi\u00e9e sur base d&rsquo;articles de presse d\u00e9nich\u00e9s sur le formidable site <strong>KBR &#8211; BelgicaPress<\/strong> . Mais la majorit\u00e9 des informations nous ont \u00e9t\u00e9 fournies par Andr\u00e9 DRICOT et Anita GALLAND, via la page Facebook <strong>Romer\u00e9e au fil du temps !<\/strong> <br>Grand merci \u00e0 eux !!<\/p>\n\n\n\n<p>Y a-t-il eu plusieurs pr\u00eatres en m\u00eame temps \u00e0 Romer\u00e9e ? <\/p>\n\n\n\n<ul>\n<li>1292 : Thomas<\/li>\n\n\n\n<li>1483 \u00e0 1484 : Nycolle PATAR.<\/li>\n\n\n\n<li>1570 \u00e0 1581 : Remy MARTINELLE<\/li>\n\n\n\n<li>1595 \u00e0 1631 : Antoine MARTINELLE <\/li>\n\n\n\n<li>1631 \u00e0 1636 : Jacques BOIGELOT<\/li>\n\n\n\n<li>? \u00e0 1650 : Evrard GILLES<\/li>\n\n\n\n<li>1658 \u00e0 1661 : Jean BLOCQ<\/li>\n\n\n\n<li>1661 \u00e0 1663 : Pierre MARTIN<\/li>\n\n\n\n<li>1665 \u00e0 1722 : Mathias ERQUIN<\/li>\n\n\n\n<li>1722 \u00e0 1734 : Etienne BINON<\/li>\n\n\n\n<li>1734 \u00e0 1735 : Christophe Buchez ou Buchet , d\u00e9serviteur ??? du 9 f\u00e9vrier 1734 au 9 juin 1735<\/li>\n\n\n\n<li>1735 \u00e0 1770 : Jean Joseph DELVAUX (construction de l&rsquo;\u00e9glise actuelle)<\/li>\n\n\n\n<li>1770 \u00e0 1803 : Jean Fran\u00e7ois MATHY (vicaire de 1765 \u00e0 1770)<\/li>\n\n\n\n<li>1804 \u00e0 1823 : Ferdinand CATTEAU<\/li>\n\n\n\n<li>1823 \u00e0 1836 : Th\u00e9odore GROOS<\/li>\n\n\n\n<li>1836 \u00e0 1866 : Jacques DEBIN<\/li>\n\n\n\n<li>1866 \u00e0 1868 : Edmond HUBERT<\/li>\n\n\n\n<li>1868 \u00e0 1873 : Jean Baptiste Louis ADNET<\/li>\n\n\n\n<li>1874 \u00e0 1877 : Cl\u00e9ment WOITRIN<\/li>\n\n\n\n<li>1877 \u00e0 1885 : Claude DETRAUX<\/li>\n\n\n\n<li>1885 \u00e0 1893 : Isidore DELOBBE<\/li>\n\n\n\n<li>1893 \u00e0 1901 : L\u00e9on DONEUX<\/li>\n\n\n\n<li>1901 \u00e0 1905 : Octave BOTIN <\/li>\n\n\n\n<li>1914 \u00e0 1915 : Joseph SOHET, cur\u00e9 de Matagne la Grande administre la paroisse<\/li>\n\n\n\n<li>1915 \u00e0 1919 : Emile Jacoby administre la paroisse. Il est ensuite cur\u00e9 de la paroisse St Jean Baptiste \u00e0 Namur<\/li>\n\n\n\n<li>1908 (ou 1905) \u00e0 1950 Abb\u00e9 Louis LEPRINCE (il prendra sa retraite \u00e0 Froidchapelle)<\/li>\n\n\n\n<li>05\/08\/1936 : Premi\u00e8re messe \u00e0 Romer\u00e9e de l&rsquo;abb\u00e9 PARMENTIER, ordonn\u00e9 pr\u00eatre le 26\/07\/1936<\/li>\n\n\n\n<li>1950 \u00e0 1962 : Abb\u00e9 LEONARD.  En Avril 1950 il quitte G\u00e9ronsart (Boussu-en-Fagne) o\u00f9 il \u00e9tait chapelain pour rejoindre Romer\u00e9e<\/li>\n\n\n\n<li>1967 \u00e0 1997 : Abb\u00e9 VERGHUT<\/li>\n\n\n\n<li>1997 \u00e0 2005 : Abb\u00e9 LEONARD (ancien doyen de Couvin, retrait\u00e9 \u00e0 Romer\u00e9e et y d\u00e9c\u00e9d\u00e9 en 2005)<\/li>\n\n\n\n<li>2001 \u00e0 2006 : Abb\u00e9 SIMPLICE (originaire de C\u00f4te d&rsquo;Ivoire)<\/li>\n\n\n\n<li>2006 \u00e0 2022 : plusieurs pr\u00eatres africains<\/li>\n\n\n\n<li>2022 (septembre) &#8211;&gt;  &#8230; Abb\u00e9 Janusz KRUCH, ancien doyen de Couvin originaire de Pologne<\/li>\n<\/ul>\n\n\n\n<p>L&rsquo;\u00e9glise a fait l&rsquo;objet de nombreuses cartes postales, quelques-unes pr\u00e9sentent l\u2019int\u00e9rieur \u00e0 l&rsquo;occasion de certaines festivit\u00e9s (le site delcampe.net est une mine d&rsquo;or&#8230;) :<\/p>\n\n\n\n","protected":false},"excerpt":{"rendered":"<p>L&rsquo;\u00e9glise de Romer\u00e9e est d\u00e9di\u00e9e \u00e0 Saint Remy. Elle se caract\u00e9rise par la forme particuli\u00e8re de son clocher \u00e0 plusieurs \u00e9tages. Comme l&rsquo;indique la face avant du clocher donnant sur la place du village, elle a \u00e9t\u00e9 (re)construite en 1739. La liste que voici a \u00e9t\u00e9 initi\u00e9e sur base d&rsquo;articles de presse d\u00e9nich\u00e9s sur le &hellip; <\/p>\n<p class=\"link-more\"><a href=\"http:\/\/www.retouralarchipel.net\/romeree\/batiments\/eglises-et-cures\/\" class=\"more-link\">Continuer la lecture<span class=\"screen-reader-text\"> de &laquo;&nbsp;Eglise et cur\u00e9s&nbsp;&raquo;<\/span><\/a><\/p>\n","protected":false},"author":1,"featured_media":0,"parent":47,"menu_order":0,"comment_status":"closed","ping_status":"closed","template":"","meta":{"footnotes":""},"_links":{"self":[{"href":"http:\/\/www.retouralarchipel.net\/romeree\/wp-json\/wp\/v2\/pages\/76"}],"collection":[{"href":"http:\/\/www.retouralarchipel.net\/romeree\/wp-json\/wp\/v2\/pages"}],"about":[{"href":"http:\/\/www.retouralarchipel.net\/romeree\/wp-json\/wp\/v2\/types\/page"}],"author":[{"embeddable":true,"href":"http:\/\/www.retouralarchipel.net\/romeree\/wp-json\/wp\/v2\/users\/1"}],"replies":[{"embeddable":true,"href":"http:\/\/www.retouralarchipel.net\/romeree\/wp-json\/wp\/v2\/comments?post=76"}],"version-history":[{"count":10,"href":"http:\/\/www.retouralarchipel.net\/romeree\/wp-json\/wp\/v2\/pages\/76\/revisions"}],"predecessor-version":[{"id":310,"href":"http:\/\/www.retouralarchipel.net\/romeree\/wp-json\/wp\/v2\/pages\/76\/revisions\/310"}],"up":[{"embeddable":true,"href":"http:\/\/www.retouralarchipel.net\/romeree\/wp-json\/wp\/v2\/pages\/47"}],"wp:attachment":[{"href":"http:\/\/www.retouralarchipel.net\/romeree\/wp-json\/wp\/v2\/media?parent=76"}],"curies":[{"name":"wp","href":"https:\/\/api.w.org\/{rel}","templated":true}]}}