{"id":66,"date":"2020-11-06T09:48:48","date_gmt":"2020-11-06T08:48:48","guid":{"rendered":"http:\/\/www.retouralarchipel.net\/romeree\/?page_id=66"},"modified":"2021-11-14T15:11:37","modified_gmt":"2021-11-14T14:11:37","slug":"noms-de-famille","status":"publish","type":"page","link":"http:\/\/www.retouralarchipel.net\/romeree\/habitants\/noms-de-famille\/","title":{"rendered":"Noms de famille"},"content":{"rendered":"\n<p>Les noms de famille les plus courants \u00e0 Romer\u00e9e&#8230; <\/p>\n\n\n\n<p>De 1705 \u00e0 1920, en me basant sur les registres d&rsquo;Etat-Civil des naissances (ceci ne reprend pas les enfants morts-n\u00e9s)&#8230;<br>Voici les 20 noms de famille les plus courants sur cette p\u00e9riode, avec le nombre de naissances. <\/p>\n\n\n\n<p>De nombreux noms de famille se retrouvent toujours en 2021 dans le village :<br><br><strong>NOM &#8211; Nombre d&rsquo;enfants<\/strong><br>BUCHET 138<br>NENQUIN 131<br>GILLES 97<br>BEAURIR 53<br>CENSIER 51<br>COLIN 42<br>GERARD 38<br>LERUDE 37<br>NICOLAS 37<br>PREILLON 37<br>COLIGNON 35<br>WAUTHIER 32<br>MARCHAL 28<br>GUION 27<br>DELAHAUT 25<br>CHAYET 21<br>ANCEAUX 19<br>BIOT 18<br>CHRISTOPHE 18<br>LUC 18<\/p>\n","protected":false},"excerpt":{"rendered":"<p>Les noms de famille les plus courants \u00e0 Romer\u00e9e&#8230; De 1705 \u00e0 1920, en me basant sur les registres d&rsquo;Etat-Civil des naissances (ceci ne reprend pas les enfants morts-n\u00e9s)&#8230;Voici les 20 noms de famille les plus courants sur cette p\u00e9riode, avec le nombre de naissances. De nombreux noms de famille se retrouvent toujours en 2021 &hellip; <\/p>\n<p class=\"link-more\"><a href=\"http:\/\/www.retouralarchipel.net\/romeree\/habitants\/noms-de-famille\/\" class=\"more-link\">Continuer la lecture<span class=\"screen-reader-text\"> de &laquo;&nbsp;Noms de famille&nbsp;&raquo;<\/span><\/a><\/p>\n","protected":false},"author":1,"featured_media":0,"parent":46,"menu_order":0,"comment_status":"closed","ping_status":"closed","template":"","meta":{"footnotes":""},"_links":{"self":[{"href":"http:\/\/www.retouralarchipel.net\/romeree\/wp-json\/wp\/v2\/pages\/66"}],"collection":[{"href":"http:\/\/www.retouralarchipel.net\/romeree\/wp-json\/wp\/v2\/pages"}],"about":[{"href":"http:\/\/www.retouralarchipel.net\/romeree\/wp-json\/wp\/v2\/types\/page"}],"author":[{"embeddable":true,"href":"http:\/\/www.retouralarchipel.net\/romeree\/wp-json\/wp\/v2\/users\/1"}],"replies":[{"embeddable":true,"href":"http:\/\/www.retouralarchipel.net\/romeree\/wp-json\/wp\/v2\/comments?post=66"}],"version-history":[{"count":2,"href":"http:\/\/www.retouralarchipel.net\/romeree\/wp-json\/wp\/v2\/pages\/66\/revisions"}],"predecessor-version":[{"id":283,"href":"http:\/\/www.retouralarchipel.net\/romeree\/wp-json\/wp\/v2\/pages\/66\/revisions\/283"}],"up":[{"embeddable":true,"href":"http:\/\/www.retouralarchipel.net\/romeree\/wp-json\/wp\/v2\/pages\/46"}],"wp:attachment":[{"href":"http:\/\/www.retouralarchipel.net\/romeree\/wp-json\/wp\/v2\/media?parent=66"}],"curies":[{"name":"wp","href":"https:\/\/api.w.org\/{rel}","templated":true}]}}