{"id":46,"date":"2020-11-06T09:42:12","date_gmt":"2020-11-06T08:42:12","guid":{"rendered":"http:\/\/www.retouralarchipel.net\/romeree\/?page_id=46"},"modified":"2025-02-24T08:31:41","modified_gmt":"2025-02-24T07:31:41","slug":"habitants","status":"publish","type":"page","link":"http:\/\/www.retouralarchipel.net\/romeree\/habitants\/","title":{"rendered":"Habitants"},"content":{"rendered":"\n<p>Nombre d&rsquo;habitants recens\u00e9s \u00e0 Romer\u00e9e : <\/p>\n\n\n\n<p>Ann\u00e9e (mois) :<\/p>\n\n\n\n<p>1932 (08) : 392<br>1933 (07) : 391<br>1934 (09) : 392<br>1935 (06) : 405<br>1936 (05) : 397<\/p>\n\n\n\n<p>Sources :<\/p>\n\n\n\n<p>Familisearch Registres paroissiaux et Etat civil &#8211;> 1920<\/p>\n\n\n\n<p>Presse (<a href=\"https:\/\/www.belgicapress.be\/index.php\" target=\"_blank\" rel=\"noreferrer noopener\">Belgicapress<\/a>) 1919 &#8211; 1980<\/p>\n","protected":false},"excerpt":{"rendered":"<p>Nombre d&rsquo;habitants recens\u00e9s \u00e0 Romer\u00e9e : Ann\u00e9e (mois) : 1932 (08) : 3921933 (07) : 3911934 (09) : 3921935 (06) : 4051936 (05) : 397 Sources : Familisearch Registres paroissiaux et Etat civil &#8211;> 1920 Presse (Belgicapress) 1919 &#8211; 1980<\/p>\n","protected":false},"author":1,"featured_media":0,"parent":0,"menu_order":0,"comment_status":"closed","ping_status":"closed","template":"","meta":{"footnotes":""},"_links":{"self":[{"href":"http:\/\/www.retouralarchipel.net\/romeree\/wp-json\/wp\/v2\/pages\/46"}],"collection":[{"href":"http:\/\/www.retouralarchipel.net\/romeree\/wp-json\/wp\/v2\/pages"}],"about":[{"href":"http:\/\/www.retouralarchipel.net\/romeree\/wp-json\/wp\/v2\/types\/page"}],"author":[{"embeddable":true,"href":"http:\/\/www.retouralarchipel.net\/romeree\/wp-json\/wp\/v2\/users\/1"}],"replies":[{"embeddable":true,"href":"http:\/\/www.retouralarchipel.net\/romeree\/wp-json\/wp\/v2\/comments?post=46"}],"version-history":[{"count":7,"href":"http:\/\/www.retouralarchipel.net\/romeree\/wp-json\/wp\/v2\/pages\/46\/revisions"}],"predecessor-version":[{"id":362,"href":"http:\/\/www.retouralarchipel.net\/romeree\/wp-json\/wp\/v2\/pages\/46\/revisions\/362"}],"wp:attachment":[{"href":"http:\/\/www.retouralarchipel.net\/romeree\/wp-json\/wp\/v2\/media?parent=46"}],"curies":[{"name":"wp","href":"https:\/\/api.w.org\/{rel}","templated":true}]}}