{"id":33,"date":"2020-11-02T19:13:18","date_gmt":"2020-11-02T18:13:18","guid":{"rendered":"http:\/\/www.retouralarchipel.net\/romeree\/?page_id=33"},"modified":"2020-11-06T13:49:56","modified_gmt":"2020-11-06T12:49:56","slug":"sources-et-liens","status":"publish","type":"page","link":"http:\/\/www.retouralarchipel.net\/romeree\/sources-et-liens\/","title":{"rendered":"Sources et liens"},"content":{"rendered":"\n<p>Ce site a \u00e9t\u00e9 construit sur base de recherches personnelles mais aussi de nombreux \u00e9changes sur Internet et dans les rues et maisons du village.<br>Merci \u00e0 tous les contributeurs ! <\/p>\n\n\n\n<p><strong>Mes sources principales furent : <\/strong><\/p>\n\n\n\n<p>Page <strong>Facebook <\/strong>\u00ab\u00a0<a rel=\"noreferrer noopener\" href=\"https:\/\/www.facebook.com\/groups\/312485742460244\" target=\"_blank\">Romer\u00e9e au fil du temps<\/a>!\u00a0\u00bb<br>Merci Anita d&rsquo;avoir initi\u00e9 ce beau lieu de rencontre et d&rsquo;\u00e9changes !<\/p>\n\n\n\n<p><strong>Les Mormonts \u00e0 Romer\u00e9e ?<\/strong><\/p>\n\n\n\n<p>Aux derni\u00e8res nouvelles, il n&rsquo;y a pas de communaut\u00e9 mormone \u00e0 Romer\u00e9e. Mais ils sont \u00e0 l&rsquo;initiative du site Familisearch sur lequel on retrouve les microfilms de l&rsquo;Etat Civil de toutes les communes de Belgique (et du Monde ?)<\/p>\n\n\n\n<p>Le <a rel=\"noreferrer noopener\" href=\"https:\/\/www.familysearch.org\/search\/catalog\/results?count=20&amp;placeId=158381&amp;query=%2Bplace%3A%22Belgium%2C%20Namur%2C%20Romer%C3%A9e%22\" target=\"_blank\">lien vers les archives de Romer\u00e9e<\/a>  <\/p>\n\n\n\n<p><strong>AWaP <\/strong>(Agence Wallonne du Patrimoine) : <a rel=\"noreferrer noopener\" href=\"http:\/\/lampspw.wallonie.be\/dgo4\/site_ipic\/index.php\/recherche\/recherche\" target=\"_blank\">Inventaire du patrimoine culturel immobilier<\/a><\/p>\n\n\n\n<p>Wikipedia : <a href=\"https:\/\/fr.wikipedia.org\/wiki\/Romer%C3%A9e\" target=\"_blank\" rel=\"noreferrer noopener\">https:\/\/fr.wikipedia.org\/wiki\/Romer%C3%A9e<\/a><\/p>\n\n\n\n<p>********<\/p>\n\n\n\n<p>Et les t\u00e9moignages des habitants actuels&#8230; <\/p>\n\n\n\n<p>Grand merci !<\/p>\n","protected":false},"excerpt":{"rendered":"<p>Ce site a \u00e9t\u00e9 construit sur base de recherches personnelles mais aussi de nombreux \u00e9changes sur Internet et dans les rues et maisons du village.Merci \u00e0 tous les contributeurs ! Mes sources principales furent : Page Facebook \u00ab\u00a0Romer\u00e9e au fil du temps!\u00a0\u00bbMerci Anita d&rsquo;avoir initi\u00e9 ce beau lieu de rencontre et d&rsquo;\u00e9changes ! Les Mormonts &hellip; <\/p>\n<p class=\"link-more\"><a href=\"http:\/\/www.retouralarchipel.net\/romeree\/sources-et-liens\/\" class=\"more-link\">Continuer la lecture<span class=\"screen-reader-text\"> de &laquo;&nbsp;Sources et liens&nbsp;&raquo;<\/span><\/a><\/p>\n","protected":false},"author":1,"featured_media":0,"parent":0,"menu_order":0,"comment_status":"closed","ping_status":"closed","template":"","meta":{"footnotes":""},"_links":{"self":[{"href":"http:\/\/www.retouralarchipel.net\/romeree\/wp-json\/wp\/v2\/pages\/33"}],"collection":[{"href":"http:\/\/www.retouralarchipel.net\/romeree\/wp-json\/wp\/v2\/pages"}],"about":[{"href":"http:\/\/www.retouralarchipel.net\/romeree\/wp-json\/wp\/v2\/types\/page"}],"author":[{"embeddable":true,"href":"http:\/\/www.retouralarchipel.net\/romeree\/wp-json\/wp\/v2\/users\/1"}],"replies":[{"embeddable":true,"href":"http:\/\/www.retouralarchipel.net\/romeree\/wp-json\/wp\/v2\/comments?post=33"}],"version-history":[{"count":4,"href":"http:\/\/www.retouralarchipel.net\/romeree\/wp-json\/wp\/v2\/pages\/33\/revisions"}],"predecessor-version":[{"id":144,"href":"http:\/\/www.retouralarchipel.net\/romeree\/wp-json\/wp\/v2\/pages\/33\/revisions\/144"}],"wp:attachment":[{"href":"http:\/\/www.retouralarchipel.net\/romeree\/wp-json\/wp\/v2\/media?parent=33"}],"curies":[{"name":"wp","href":"https:\/\/api.w.org\/{rel}","templated":true}]}}