{"id":313,"date":"2024-02-18T10:43:13","date_gmt":"2024-02-18T09:43:13","guid":{"rendered":"https:\/\/www.retouralarchipel.net\/romeree\/?page_id=313"},"modified":"2024-02-18T14:07:18","modified_gmt":"2024-02-18T13:07:18","slug":"agenda","status":"publish","type":"page","link":"http:\/\/www.retouralarchipel.net\/romeree\/agenda\/","title":{"rendered":"Agenda"},"content":{"rendered":"\n<p>L&rsquo;association <strong>Place du Tilleul<\/strong> a pour objectif de favoriser les rencontres entre villageois&#8230;<br> Voici ci-dessous un agenda r\u00e9serv\u00e9 exclusivement aux activit\u00e9s se d\u00e9roulant \u00e0 Romer\u00e9e dans les semaines et les mois qui viennent&#8230;<\/p>\n\n\n\n<p>N&rsquo;h\u00e9sitez pas \u00e0 cliquer sur LISTE pour visualiser directement les \u00e9v\u00e9nements encod\u00e9s en naviguant d&rsquo;un mois \u00e0 l&rsquo;autre &#8230;<br><\/p>\n\n\n\n<figure class=\"wp-block-image size-full\"><img loading=\"lazy\" decoding=\"async\" width=\"772\" height=\"64\" src=\"https:\/\/www.retouralarchipel.net\/romeree\/wp-content\/uploads\/2024\/02\/image-2.png\" alt=\"\" class=\"wp-image-342\" srcset=\"http:\/\/www.retouralarchipel.net\/romeree\/wp-content\/uploads\/2024\/02\/image-2.png 772w, http:\/\/www.retouralarchipel.net\/romeree\/wp-content\/uploads\/2024\/02\/image-2-300x25.png 300w, http:\/\/www.retouralarchipel.net\/romeree\/wp-content\/uploads\/2024\/02\/image-2-768x64.png 768w\" sizes=\"(max-width: 767px) 89vw, (max-width: 1000px) 54vw, (max-width: 1071px) 543px, 580px\" \/><\/figure>\n\n\n\n<p><em><strong>\u00ab\u00a0A Romer\u00e9e, on a toujours une occasion de se retrouver&#8230;\u00a0\u00bb<\/strong><\/em><\/p>\n\n\n<p><iframe loading=\"lazy\" width=\"1000\" height=\"800\" src=\"https:\/\/framagenda.org\/apps\/calendar\/embed\/ofDRRoTmrn7yEk7m\"><\/iframe><\/p>","protected":false},"excerpt":{"rendered":"<p>L&rsquo;association Place du Tilleul a pour objectif de favoriser les rencontres entre villageois&#8230; Voici ci-dessous un agenda r\u00e9serv\u00e9 exclusivement aux activit\u00e9s se d\u00e9roulant \u00e0 Romer\u00e9e dans les semaines et les mois qui viennent&#8230; N&rsquo;h\u00e9sitez pas \u00e0 cliquer sur LISTE pour visualiser directement les \u00e9v\u00e9nements encod\u00e9s en naviguant d&rsquo;un mois \u00e0 l&rsquo;autre &#8230; \u00ab\u00a0A Romer\u00e9e, on &hellip; <\/p>\n<p class=\"link-more\"><a href=\"http:\/\/www.retouralarchipel.net\/romeree\/agenda\/\" class=\"more-link\">Continuer la lecture<span class=\"screen-reader-text\"> de &laquo;&nbsp;Agenda&nbsp;&raquo;<\/span><\/a><\/p>\n","protected":false},"author":1,"featured_media":0,"parent":0,"menu_order":0,"comment_status":"closed","ping_status":"closed","template":"","meta":{"footnotes":""},"_links":{"self":[{"href":"http:\/\/www.retouralarchipel.net\/romeree\/wp-json\/wp\/v2\/pages\/313"}],"collection":[{"href":"http:\/\/www.retouralarchipel.net\/romeree\/wp-json\/wp\/v2\/pages"}],"about":[{"href":"http:\/\/www.retouralarchipel.net\/romeree\/wp-json\/wp\/v2\/types\/page"}],"author":[{"embeddable":true,"href":"http:\/\/www.retouralarchipel.net\/romeree\/wp-json\/wp\/v2\/users\/1"}],"replies":[{"embeddable":true,"href":"http:\/\/www.retouralarchipel.net\/romeree\/wp-json\/wp\/v2\/comments?post=313"}],"version-history":[{"count":21,"href":"http:\/\/www.retouralarchipel.net\/romeree\/wp-json\/wp\/v2\/pages\/313\/revisions"}],"predecessor-version":[{"id":343,"href":"http:\/\/www.retouralarchipel.net\/romeree\/wp-json\/wp\/v2\/pages\/313\/revisions\/343"}],"wp:attachment":[{"href":"http:\/\/www.retouralarchipel.net\/romeree\/wp-json\/wp\/v2\/media?parent=313"}],"curies":[{"name":"wp","href":"https:\/\/api.w.org\/{rel}","templated":true}]}}