{"id":129,"date":"2020-11-06T12:44:17","date_gmt":"2020-11-06T11:44:17","guid":{"rendered":"http:\/\/www.retouralarchipel.net\/romeree\/?page_id=129"},"modified":"2021-11-14T15:19:45","modified_gmt":"2021-11-14T14:19:45","slug":"guerre-1940-1945","status":"publish","type":"page","link":"http:\/\/www.retouralarchipel.net\/romeree\/vie-village\/guerre-1940-1945\/","title":{"rendered":"Guerre 1940-1945"},"content":{"rendered":"\n<p>Une plaque m\u00e9morielle pos\u00e9e sur la fa\u00e7ade de la maison communale rend hommage au soldat originaire de Romer\u00e9e tomb\u00e9 au combat pendant la seconde guerre mondiale<\/p>\n\n\n\n<div class=\"wp-block-image\"><figure class=\"aligncenter size-large\"><img loading=\"lazy\" decoding=\"async\" width=\"600\" height=\"312\" src=\"http:\/\/www.retouralarchipel.net\/romeree\/wp-content\/uploads\/2021\/11\/Monument-aux-morts-40-45.jpg\" alt=\"\" class=\"wp-image-243\" srcset=\"http:\/\/www.retouralarchipel.net\/romeree\/wp-content\/uploads\/2021\/11\/Monument-aux-morts-40-45.jpg 600w, http:\/\/www.retouralarchipel.net\/romeree\/wp-content\/uploads\/2021\/11\/Monument-aux-morts-40-45-300x156.jpg 300w\" sizes=\"(max-width: 600px) 100vw, 600px\" \/><\/figure><\/div>\n\n\n\n<p class=\"has-text-align-center\">1940-1945<\/p>\n\n\n\n<p class=\"has-text-align-center\">GOFFIN Marcel, brigadier<br> au 1er R\u00e9giment Cycliste Fronti\u00e8re<\/p>\n\n\n\n<p><strong>Marcel GOFFIN<\/strong><\/p>\n\n\n\n<div class=\"wp-block-image\"><figure class=\"aligncenter size-large\"><img loading=\"lazy\" decoding=\"async\" width=\"150\" height=\"187\" src=\"http:\/\/www.retouralarchipel.net\/romeree\/wp-content\/uploads\/2021\/11\/40-45-Marcel-GOFFIN.jpg\" alt=\"\" class=\"wp-image-254\"\/><\/figure><\/div>\n\n\n\n<div class=\"wp-block-image\"><figure class=\"aligncenter size-large is-resized\"><a href=\"http:\/\/www.retouralarchipel.net\/romeree\/wp-content\/uploads\/2021\/11\/Marcel-GOFFIN-Cimetiere.jpg\" target=\"_blank\" rel=\"noopener noreferrer\"><img loading=\"lazy\" decoding=\"async\" src=\"http:\/\/www.retouralarchipel.net\/romeree\/wp-content\/uploads\/2021\/11\/Marcel-GOFFIN-Cimetiere.jpg\" alt=\"\" class=\"wp-image-284\" width=\"150\" height=\"221\" srcset=\"http:\/\/www.retouralarchipel.net\/romeree\/wp-content\/uploads\/2021\/11\/Marcel-GOFFIN-Cimetiere.jpg 600w, http:\/\/www.retouralarchipel.net\/romeree\/wp-content\/uploads\/2021\/11\/Marcel-GOFFIN-Cimetiere-204x300.jpg 204w\" sizes=\"(max-width: 150px) 100vw, 150px\" \/><\/a><figcaption>Cliquez pour agrandir (st\u00e8le au cimeti\u00e8re de Romer\u00e9e)<\/figcaption><\/figure><\/div>\n\n\n\n<p>Marcel (Joseph Ghislain) GOFFIN, n\u00e9 \u00e0 Matagne-la-Petite le 25 mars 1920, fils de Arthur Joseph GOFFIN et (Hortense) Germaine MOREAU, c\u00e9libataire, domicili\u00e9 \u00e0 Romer\u00e9e, rue Henri-Chapelle (Caserne), caporal [brigadier] v.c. 1938 au [1er] r\u00e9giment cycliste fronti\u00e8re, matricule 299\/507, tomb\u00e9 \u00e0 Hulste (Harelbeke, Flandre Occidentale, pr\u00e8s de Courtrai, derri\u00e8re la Lys) le 24 mai 1940, inhum\u00e9 \u00e0 Hulste le 27 mai 1940 et transf\u00e9r\u00e9 \u00e0 Romer\u00e9e au cimeti\u00e8re communal le 28 juillet 1940.<\/p>\n\n\n\n<div class=\"wp-block-image\"><figure class=\"aligncenter size-large\"><img loading=\"lazy\" decoding=\"async\" width=\"287\" height=\"327\" src=\"http:\/\/www.retouralarchipel.net\/romeree\/wp-content\/uploads\/2021\/11\/1941.jpg\" alt=\"\" class=\"wp-image-286\" srcset=\"http:\/\/www.retouralarchipel.net\/romeree\/wp-content\/uploads\/2021\/11\/1941.jpg 287w, http:\/\/www.retouralarchipel.net\/romeree\/wp-content\/uploads\/2021\/11\/1941-263x300.jpg 263w\" sizes=\"(max-width: 287px) 100vw, 287px\" \/><\/figure><\/div>\n\n\n\n<p>Les \u00e9ditions Pro Patria (Namur) ont \u00e9dit\u00e9 le \u00ab\u00a0Tableau d&rsquo;honneur\u00a0\u00bb de Romer\u00e9e.<\/p>\n\n\n\n<figure class=\"wp-block-image size-large\"><img loading=\"lazy\" decoding=\"async\" width=\"671\" height=\"960\" src=\"http:\/\/www.retouralarchipel.net\/romeree\/wp-content\/uploads\/2021\/11\/Tableau-dhonneur-Romeree.jpg\" alt=\"\" class=\"wp-image-255\" srcset=\"http:\/\/www.retouralarchipel.net\/romeree\/wp-content\/uploads\/2021\/11\/Tableau-dhonneur-Romeree.jpg 671w, http:\/\/www.retouralarchipel.net\/romeree\/wp-content\/uploads\/2021\/11\/Tableau-dhonneur-Romeree-210x300.jpg 210w\" sizes=\"(max-width: 671px) 100vw, 671px\" \/><\/figure>\n\n\n\n<div class=\"wp-block-image\"><figure class=\"aligncenter size-large\"><img loading=\"lazy\" decoding=\"async\" width=\"320\" height=\"434\" src=\"http:\/\/www.retouralarchipel.net\/romeree\/wp-content\/uploads\/2021\/11\/Soldats-francais-morts-a-Romeree.jpg\" alt=\"\" class=\"wp-image-288\" srcset=\"http:\/\/www.retouralarchipel.net\/romeree\/wp-content\/uploads\/2021\/11\/Soldats-francais-morts-a-Romeree.jpg 320w, http:\/\/www.retouralarchipel.net\/romeree\/wp-content\/uploads\/2021\/11\/Soldats-francais-morts-a-Romeree-221x300.jpg 221w\" sizes=\"(max-width: 320px) 100vw, 320px\" \/><\/figure><\/div>\n\n\n\n<p>Deux soldats allemands sont \u00e9galement d\u00e9c\u00e9d\u00e9s pendant la guerre \u00e0 Romer\u00e9e. Plus de pr\u00e9cisions seront apport\u00e9es prochainement. <\/p>\n\n\n\n<p><strong>Merci \u00e0 Jean-Luc WILMET pour les informations partag\u00e9es sur le groupe FB <a rel=\"noreferrer noopener\" href=\"https:\/\/www.facebook.com\/groups\/312485742460244\" target=\"_blank\">\u00ab\u00a0Romer\u00e9e au fil du temps !\u00a0\u00bb<\/a><\/strong><\/p>\n","protected":false},"excerpt":{"rendered":"<p>Une plaque m\u00e9morielle pos\u00e9e sur la fa\u00e7ade de la maison communale rend hommage au soldat originaire de Romer\u00e9e tomb\u00e9 au combat pendant la seconde guerre mondiale 1940-1945 GOFFIN Marcel, brigadier au 1er R\u00e9giment Cycliste Fronti\u00e8re Marcel GOFFIN Marcel (Joseph Ghislain) GOFFIN, n\u00e9 \u00e0 Matagne-la-Petite le 25 mars 1920, fils de Arthur Joseph GOFFIN et (Hortense) &hellip; <\/p>\n<p class=\"link-more\"><a href=\"http:\/\/www.retouralarchipel.net\/romeree\/vie-village\/guerre-1940-1945\/\" class=\"more-link\">Continuer la lecture<span class=\"screen-reader-text\"> de &laquo;&nbsp;Guerre 1940-1945&nbsp;&raquo;<\/span><\/a><\/p>\n","protected":false},"author":1,"featured_media":0,"parent":48,"menu_order":0,"comment_status":"closed","ping_status":"closed","template":"","meta":{"footnotes":""},"_links":{"self":[{"href":"http:\/\/www.retouralarchipel.net\/romeree\/wp-json\/wp\/v2\/pages\/129"}],"collection":[{"href":"http:\/\/www.retouralarchipel.net\/romeree\/wp-json\/wp\/v2\/pages"}],"about":[{"href":"http:\/\/www.retouralarchipel.net\/romeree\/wp-json\/wp\/v2\/types\/page"}],"author":[{"embeddable":true,"href":"http:\/\/www.retouralarchipel.net\/romeree\/wp-json\/wp\/v2\/users\/1"}],"replies":[{"embeddable":true,"href":"http:\/\/www.retouralarchipel.net\/romeree\/wp-json\/wp\/v2\/comments?post=129"}],"version-history":[{"count":7,"href":"http:\/\/www.retouralarchipel.net\/romeree\/wp-json\/wp\/v2\/pages\/129\/revisions"}],"predecessor-version":[{"id":289,"href":"http:\/\/www.retouralarchipel.net\/romeree\/wp-json\/wp\/v2\/pages\/129\/revisions\/289"}],"up":[{"embeddable":true,"href":"http:\/\/www.retouralarchipel.net\/romeree\/wp-json\/wp\/v2\/pages\/48"}],"wp:attachment":[{"href":"http:\/\/www.retouralarchipel.net\/romeree\/wp-json\/wp\/v2\/media?parent=129"}],"curies":[{"name":"wp","href":"https:\/\/api.w.org\/{rel}","templated":true}]}}