{"id":127,"date":"2020-11-06T12:43:29","date_gmt":"2020-11-06T11:43:29","guid":{"rendered":"http:\/\/www.retouralarchipel.net\/romeree\/?page_id=127"},"modified":"2021-11-14T14:51:22","modified_gmt":"2021-11-14T13:51:22","slug":"guerre-1914-1918","status":"publish","type":"page","link":"http:\/\/www.retouralarchipel.net\/romeree\/vie-village\/guerre-1914-1918\/","title":{"rendered":"Guerre 1914 &#8211; 1918"},"content":{"rendered":"\n<p class=\"has-text-align-center\">Une plaque m\u00e9morielle pos\u00e9e sur la fa\u00e7ade de la maison communale rend hommage aux soldats originaires de Romer\u00e9e tomb\u00e9s au combat pendant la premi\u00e8re guerre mondiale<\/p>\n\n\n\n<div class=\"wp-block-image\"><figure class=\"aligncenter size-large\"><img loading=\"lazy\" decoding=\"async\" width=\"600\" height=\"667\" src=\"http:\/\/www.retouralarchipel.net\/romeree\/wp-content\/uploads\/2021\/11\/Monument-aux-morts-14-18.jpg\" alt=\"\" class=\"wp-image-242\" srcset=\"http:\/\/www.retouralarchipel.net\/romeree\/wp-content\/uploads\/2021\/11\/Monument-aux-morts-14-18.jpg 600w, http:\/\/www.retouralarchipel.net\/romeree\/wp-content\/uploads\/2021\/11\/Monument-aux-morts-14-18-270x300.jpg 270w\" sizes=\"(max-width: 600px) 100vw, 600px\" \/><\/figure><\/div>\n\n\n\n<p class=\"has-text-align-center\">Reconnaissance aux morts <br>pour la Patrie<\/p>\n\n\n\n<p class=\"has-text-align-center\">1914-1918<\/p>\n\n\n\n<p class=\"has-text-align-center\">CENSIER Joseph, mar\u00e9chal des logis<\/p>\n\n\n\n<p class=\"has-text-align-center\">BIOT Ren\u00e9, sergent<\/p>\n\n\n\n<p class=\"has-text-align-center\">ERNOULD Achille, caporal<\/p>\n\n\n\n<p class=\"has-text-align-center\">DEMOTTE Camille, soldat<\/p>\n\n\n\n<p class=\"has-text-align-center\">BUCHET Paul, soldat<\/p>\n\n\n\n<p>Au cimeti\u00e8re de Romer\u00e9e, partie droite (ancienne) on peut trouver la s\u00e9pulture commune de ces soldats : <\/p>\n\n\n\n<div class=\"wp-block-image\"><figure class=\"aligncenter size-large is-resized\"><a href=\"http:\/\/www.retouralarchipel.net\/romeree\/wp-content\/uploads\/2021\/11\/Cimetiere-Sepulture-des-soldats-morts-au-front.jpg\" target=\"_blank\" rel=\"noopener noreferrer\"><img loading=\"lazy\" decoding=\"async\" src=\"http:\/\/www.retouralarchipel.net\/romeree\/wp-content\/uploads\/2021\/11\/Cimetiere-Sepulture-des-soldats-morts-au-front.jpg\" alt=\"\" class=\"wp-image-266\" width=\"175\" height=\"195\" srcset=\"http:\/\/www.retouralarchipel.net\/romeree\/wp-content\/uploads\/2021\/11\/Cimetiere-Sepulture-des-soldats-morts-au-front.jpg 700w, http:\/\/www.retouralarchipel.net\/romeree\/wp-content\/uploads\/2021\/11\/Cimetiere-Sepulture-des-soldats-morts-au-front-270x300.jpg 270w\" sizes=\"(max-width: 175px) 100vw, 175px\" \/><\/a><figcaption>Cliquez pour agrandir<\/figcaption><\/figure><\/div>\n\n\n\n<div class=\"wp-block-image\"><figure class=\"aligncenter size-large is-resized\"><a href=\"http:\/\/www.retouralarchipel.net\/romeree\/wp-content\/uploads\/2021\/11\/4-soldats-14-18-Cimetiere.jpg\" target=\"_blank\" rel=\"noopener noreferrer\"><img loading=\"lazy\" decoding=\"async\" src=\"http:\/\/www.retouralarchipel.net\/romeree\/wp-content\/uploads\/2021\/11\/4-soldats-14-18-Cimetiere.jpg\" alt=\"\" class=\"wp-image-276\" width=\"150\" height=\"224\" srcset=\"http:\/\/www.retouralarchipel.net\/romeree\/wp-content\/uploads\/2021\/11\/4-soldats-14-18-Cimetiere.jpg 600w, http:\/\/www.retouralarchipel.net\/romeree\/wp-content\/uploads\/2021\/11\/4-soldats-14-18-Cimetiere-201x300.jpg 201w\" sizes=\"(max-width: 150px) 100vw, 150px\" \/><\/a><figcaption>Cliquez pour agrandir<\/figcaption><\/figure><\/div>\n\n\n\n<p><strong>Joseph CENSIER<\/strong><\/p>\n\n\n\n<div class=\"wp-block-image\"><figure class=\"aligncenter size-large\"><img loading=\"lazy\" decoding=\"async\" width=\"141\" height=\"215\" src=\"http:\/\/www.retouralarchipel.net\/romeree\/wp-content\/uploads\/2021\/11\/14-18-Joseph-CENSIER.jpg\" alt=\"\" class=\"wp-image-252\"\/><\/figure><\/div>\n\n\n\n<div class=\"wp-block-image\"><figure class=\"aligncenter size-large is-resized\"><a href=\"http:\/\/www.retouralarchipel.net\/romeree\/wp-content\/uploads\/2021\/11\/CENSIER-Joseph-1887-1914-epoux-MAHIANT-Marie.jpg\" target=\"_blank\" rel=\"noopener noreferrer\"><img loading=\"lazy\" decoding=\"async\" src=\"http:\/\/www.retouralarchipel.net\/romeree\/wp-content\/uploads\/2021\/11\/CENSIER-Joseph-1887-1914-epoux-MAHIANT-Marie.jpg\" alt=\"\" class=\"wp-image-257\" width=\"134\" height=\"214\" srcset=\"http:\/\/www.retouralarchipel.net\/romeree\/wp-content\/uploads\/2021\/11\/CENSIER-Joseph-1887-1914-epoux-MAHIANT-Marie.jpg 535w, http:\/\/www.retouralarchipel.net\/romeree\/wp-content\/uploads\/2021\/11\/CENSIER-Joseph-1887-1914-epoux-MAHIANT-Marie-188x300.jpg 188w\" sizes=\"(max-width: 134px) 100vw, 134px\" \/><\/a><figcaption>Cliquez pour agrandir<\/figcaption><\/figure><\/div>\n\n\n\n<div class=\"wp-block-image\"><figure class=\"aligncenter size-large is-resized\"><a href=\"http:\/\/www.retouralarchipel.net\/romeree\/wp-content\/uploads\/2021\/11\/Joseph-CENSIER-Cimetiere.jpg\" target=\"_blank\" rel=\"noopener noreferrer\"><img loading=\"lazy\" decoding=\"async\" src=\"http:\/\/www.retouralarchipel.net\/romeree\/wp-content\/uploads\/2021\/11\/Joseph-CENSIER-Cimetiere.jpg\" alt=\"\" class=\"wp-image-270\" width=\"200\" height=\"134\" srcset=\"http:\/\/www.retouralarchipel.net\/romeree\/wp-content\/uploads\/2021\/11\/Joseph-CENSIER-Cimetiere.jpg 800w, http:\/\/www.retouralarchipel.net\/romeree\/wp-content\/uploads\/2021\/11\/Joseph-CENSIER-Cimetiere-300x201.jpg 300w, http:\/\/www.retouralarchipel.net\/romeree\/wp-content\/uploads\/2021\/11\/Joseph-CENSIER-Cimetiere-768x515.jpg 768w\" sizes=\"(max-width: 200px) 100vw, 200px\" \/><\/a><figcaption>Cliquez pour agrandir<\/figcaption><\/figure><\/div>\n\n\n\n<p><\/p>\n\n\n\n<p>(Pierre) <strong>Joseph CENSIER<\/strong>, n\u00e9 \u00e0 Romer\u00e9e le 16 mai 1886, fils de Isidore Joseph CENSIER et Victorine Joseph MENQUIN, \u00e9poux de Marie Joseph Henriette MAHIAUT, domicili\u00e9 \u00e0 Namur, Rue de l&rsquo; Arsenal 17, entr\u00e9 en service en 1906, mar\u00e9chal de Logis VC 1906 \u00e0 l&rsquo;artillerie du Fort de Namur 9e batterie, matricule 293\/4657, d\u00e9c\u00e9d\u00e9 \u00e0 Champion des suites de ses blessures le 05 septembre 1914, inhum\u00e9 \u00e0 Champion dans le caveau de la famille Melotte-Paillet et transf\u00e9r\u00e9 \u00e0 Romer\u00e9e au cimeti\u00e8re communal le 13 septembre 1919, sa veuve habitant \u00e0 Namur, rue du Coll\u00e8ge, 6.<\/p>\n\n\n\n<p><strong>Ren\u00e9 BIOT<\/strong><\/p>\n\n\n\n<p><strong>Ren\u00e9 <\/strong>(Alexandre) <strong>BIOT<\/strong>, n\u00e9 \u00e0 Romer\u00e9e le 16 septembre 1887, fils de Felicien Pierre Joseph BIOT et Marie Catherine COLLARD , domicili\u00e9 \u00e0 Aulnois (Qu\u00e9vy, Hainaut), entr\u00e9e en service en 1905, sergent VC 1905 au 8e de Ligne, matricule 108\/51067, d\u00e9c\u00e9d\u00e9 \u00e0 Boninne (Marchovelette ?) le 23 ao\u00fbt 1914 mais il est disparu et sa tombe est inconnue.<\/p>\n\n\n\n<p><strong>Achille ERNOULD<\/strong><\/p>\n\n\n\n<div class=\"wp-block-image\"><figure class=\"aligncenter size-large\"><img loading=\"lazy\" decoding=\"async\" width=\"173\" height=\"214\" src=\"http:\/\/www.retouralarchipel.net\/romeree\/wp-content\/uploads\/2021\/11\/14-18-Achille-ERNOULD.jpg\" alt=\"\" class=\"wp-image-250\"\/><\/figure><\/div>\n\n\n\n<div class=\"wp-block-image\"><figure class=\"aligncenter size-large is-resized\"><a href=\"http:\/\/www.retouralarchipel.net\/romeree\/wp-content\/uploads\/2021\/11\/Achille-ERNOULD-Cimetiere.jpg\" target=\"_blank\" rel=\"noopener noreferrer\"><img loading=\"lazy\" decoding=\"async\" src=\"http:\/\/www.retouralarchipel.net\/romeree\/wp-content\/uploads\/2021\/11\/Achille-ERNOULD-Cimetiere.jpg\" alt=\"\" class=\"wp-image-272\" width=\"150\" height=\"224\" srcset=\"http:\/\/www.retouralarchipel.net\/romeree\/wp-content\/uploads\/2021\/11\/Achille-ERNOULD-Cimetiere.jpg 600w, http:\/\/www.retouralarchipel.net\/romeree\/wp-content\/uploads\/2021\/11\/Achille-ERNOULD-Cimetiere-201x300.jpg 201w\" sizes=\"(max-width: 150px) 100vw, 150px\" \/><\/a><figcaption>Cliquez pour agrandir<\/figcaption><\/figure><\/div>\n\n\n\n<p><strong>Achille <\/strong>(Alfred Joseph) <strong>ERNOULD<\/strong>, n\u00e9 \u00e0 Romer\u00e9e le 25 octobre 1893, fils de Elis\u00e9 ERNOULD et Laure BARD, ouvrier d&rsquo;usine, domicili\u00e9 \u00e0 Romer\u00e9e, entr\u00e9 en service en 1911, caporal mil 1911, matricule 132\/4558, au 2e r\u00e9giment de Carabiniers 4e compagnie, tomb\u00e9 \u00e0 Poelkapelle le 28 septembre 1918, \u00e0 la c\u00f4te 52 dans le triangle Poelcapelle, Westroosebeke, Saint-Julien, tombe 2508, 6 chevrons de front, 1 chevron de blessure et le M. distinctif, recherches difficiles pour retrouver la tombe de 1920 \u00e0 1921, exhum\u00e9 le 4 novembre 1921 et transf\u00e9r\u00e9 \u00e0 Romer\u00e9e au cimeti\u00e8re communal.<\/p>\n\n\n\n<p><strong>Camille DEMOTTE<\/strong><\/p>\n\n\n\n<div class=\"wp-block-image\"><figure class=\"aligncenter size-large\"><img loading=\"lazy\" decoding=\"async\" width=\"171\" height=\"215\" src=\"http:\/\/www.retouralarchipel.net\/romeree\/wp-content\/uploads\/2021\/11\/14-18-Camille-DEMOTTE.jpg\" alt=\"\" class=\"wp-image-251\"\/><\/figure><\/div>\n\n\n\n<div class=\"wp-block-image\"><figure class=\"aligncenter size-large is-resized\"><a href=\"http:\/\/www.retouralarchipel.net\/romeree\/wp-content\/uploads\/2021\/11\/DEMOTTE-Camille-1896-1918.jpg\" target=\"_blank\" rel=\"noopener noreferrer\"><img loading=\"lazy\" decoding=\"async\" src=\"http:\/\/www.retouralarchipel.net\/romeree\/wp-content\/uploads\/2021\/11\/DEMOTTE-Camille-1896-1918-647x1024.jpg\" alt=\"\" class=\"wp-image-259\" width=\"162\" height=\"256\" srcset=\"http:\/\/www.retouralarchipel.net\/romeree\/wp-content\/uploads\/2021\/11\/DEMOTTE-Camille-1896-1918-647x1024.jpg 647w, http:\/\/www.retouralarchipel.net\/romeree\/wp-content\/uploads\/2021\/11\/DEMOTTE-Camille-1896-1918-190x300.jpg 190w, http:\/\/www.retouralarchipel.net\/romeree\/wp-content\/uploads\/2021\/11\/DEMOTTE-Camille-1896-1918.jpg 715w\" sizes=\"(max-width: 162px) 100vw, 162px\" \/><\/a><figcaption>Cliquez pour agrandir<\/figcaption><\/figure><\/div>\n\n\n\n<div class=\"wp-block-image\"><figure class=\"aligncenter size-large is-resized\"><a href=\"http:\/\/www.retouralarchipel.net\/romeree\/wp-content\/uploads\/2021\/11\/Camille-DEMOTTE-Cimetiere.jpg\" target=\"_blank\" rel=\"noopener noreferrer\"><img loading=\"lazy\" decoding=\"async\" src=\"http:\/\/www.retouralarchipel.net\/romeree\/wp-content\/uploads\/2021\/11\/Camille-DEMOTTE-Cimetiere.jpg\" alt=\"\" class=\"wp-image-273\" width=\"200\" height=\"134\" srcset=\"http:\/\/www.retouralarchipel.net\/romeree\/wp-content\/uploads\/2021\/11\/Camille-DEMOTTE-Cimetiere.jpg 800w, http:\/\/www.retouralarchipel.net\/romeree\/wp-content\/uploads\/2021\/11\/Camille-DEMOTTE-Cimetiere-300x201.jpg 300w, http:\/\/www.retouralarchipel.net\/romeree\/wp-content\/uploads\/2021\/11\/Camille-DEMOTTE-Cimetiere-768x515.jpg 768w\" sizes=\"(max-width: 200px) 100vw, 200px\" \/><\/a><figcaption>Cliquez pour agrandir<\/figcaption><\/figure><\/div>\n\n\n\n<p><strong>Camille <\/strong>(Joseph Gillain) <strong>DEMOTTE<\/strong>, n\u00e9 \u00e0 Romer\u00e9e le 29 novembre 1896, fils de Auguste Henri Joseph DEMOTTE et Marie Josephine Zoe HOPPE, lamineur, domicili\u00e9 \u00e0 Romer\u00e9e, 1 m 755, cheveux noirs, entr\u00e9 en service le 21 juin 1916, soldat de deuxi\u00e8me classe mil 1916, matricule 109\/61081, au 9e de Ligne 1\u00e8re compagnie, d\u00e9c\u00e9d\u00e9 \u00e0 Saint-Lunaire (Hopital militaire, Ille-et-Vilaine, Bretagne, France, pr\u00e8s de Saint-Malo) le 01 octobre 1918, inhumm\u00e9 \u00e0 Saint-Lunaire au cimeti\u00e8re communal le 3 octobre 1918, exhum\u00e9 le 21 mars 1923 et transf\u00e9r\u00e9 \u00e0 Romer\u00e9e au cimeti\u00e8re communal.<\/p>\n\n\n\n<p><strong>Paul BUCHET<\/strong><\/p>\n\n\n\n<div class=\"wp-block-image\"><figure class=\"aligncenter size-large is-resized\"><a href=\"http:\/\/www.retouralarchipel.net\/romeree\/wp-content\/uploads\/2021\/11\/Paul-BUCHET-Cimetiere.jpg\" target=\"_blank\" rel=\"noopener noreferrer\"><img loading=\"lazy\" decoding=\"async\" src=\"http:\/\/www.retouralarchipel.net\/romeree\/wp-content\/uploads\/2021\/11\/Paul-BUCHET-Cimetiere.jpg\" alt=\"\" class=\"wp-image-274\" width=\"200\" height=\"134\" srcset=\"http:\/\/www.retouralarchipel.net\/romeree\/wp-content\/uploads\/2021\/11\/Paul-BUCHET-Cimetiere.jpg 800w, http:\/\/www.retouralarchipel.net\/romeree\/wp-content\/uploads\/2021\/11\/Paul-BUCHET-Cimetiere-300x201.jpg 300w, http:\/\/www.retouralarchipel.net\/romeree\/wp-content\/uploads\/2021\/11\/Paul-BUCHET-Cimetiere-768x515.jpg 768w\" sizes=\"(max-width: 200px) 100vw, 200px\" \/><\/a><figcaption>Cliquez pour agrandir<\/figcaption><\/figure><\/div>\n\n\n\n<p><strong>Paul <\/strong>(Ars\u00e8ne) <strong>BUCHET<\/strong>, n\u00e9 \u00e0 Romer\u00e9e 13 janvier 1893, fils de Jean Joseph BUCHET et Victorine Joseph BUCHET, soldat, cavalier en 1914, bien rentr\u00e9 apr\u00e8s la guerre, \u00e9pouse \u00e0 Romer\u00e9e le 22 octobre 1919 Lydie Marie COLINET et d\u00e9c\u00e8de \u00e0 Mariembourg le 28 avril 1924 des suites de la guerre (cons\u00e9quences du gaz moutarde).<\/p>\n\n\n\n<p>Son nom n&rsquo;est pas cit\u00e9 au cimeti\u00e8re de Romer\u00e9e, sans doute est-il enterr\u00e9 \u00e0 Mariembourg.<\/p>\n\n\n\n<p><strong>Merci \u00e0 Jean-Luc WILMET pour les informations partag\u00e9es sur le groupe FB <a href=\"https:\/\/www.facebook.com\/groups\/312485742460244\" target=\"_blank\" rel=\"noreferrer noopener\">\u00ab\u00a0Romer\u00e9e au fil du temps !\u00a0\u00bb<\/a><\/strong><\/p>\n","protected":false},"excerpt":{"rendered":"<p>Une plaque m\u00e9morielle pos\u00e9e sur la fa\u00e7ade de la maison communale rend hommage aux soldats originaires de Romer\u00e9e tomb\u00e9s au combat pendant la premi\u00e8re guerre mondiale Reconnaissance aux morts pour la Patrie 1914-1918 CENSIER Joseph, mar\u00e9chal des logis BIOT Ren\u00e9, sergent ERNOULD Achille, caporal DEMOTTE Camille, soldat BUCHET Paul, soldat Au cimeti\u00e8re de Romer\u00e9e, partie &hellip; <\/p>\n<p class=\"link-more\"><a href=\"http:\/\/www.retouralarchipel.net\/romeree\/vie-village\/guerre-1914-1918\/\" class=\"more-link\">Continuer la lecture<span class=\"screen-reader-text\"> de &laquo;&nbsp;Guerre 1914 &#8211; 1918&nbsp;&raquo;<\/span><\/a><\/p>\n","protected":false},"author":1,"featured_media":0,"parent":48,"menu_order":0,"comment_status":"closed","ping_status":"closed","template":"","meta":{"footnotes":""},"_links":{"self":[{"href":"http:\/\/www.retouralarchipel.net\/romeree\/wp-json\/wp\/v2\/pages\/127"}],"collection":[{"href":"http:\/\/www.retouralarchipel.net\/romeree\/wp-json\/wp\/v2\/pages"}],"about":[{"href":"http:\/\/www.retouralarchipel.net\/romeree\/wp-json\/wp\/v2\/types\/page"}],"author":[{"embeddable":true,"href":"http:\/\/www.retouralarchipel.net\/romeree\/wp-json\/wp\/v2\/users\/1"}],"replies":[{"embeddable":true,"href":"http:\/\/www.retouralarchipel.net\/romeree\/wp-json\/wp\/v2\/comments?post=127"}],"version-history":[{"count":17,"href":"http:\/\/www.retouralarchipel.net\/romeree\/wp-json\/wp\/v2\/pages\/127\/revisions"}],"predecessor-version":[{"id":278,"href":"http:\/\/www.retouralarchipel.net\/romeree\/wp-json\/wp\/v2\/pages\/127\/revisions\/278"}],"up":[{"embeddable":true,"href":"http:\/\/www.retouralarchipel.net\/romeree\/wp-json\/wp\/v2\/pages\/48"}],"wp:attachment":[{"href":"http:\/\/www.retouralarchipel.net\/romeree\/wp-json\/wp\/v2\/media?parent=127"}],"curies":[{"name":"wp","href":"https:\/\/api.w.org\/{rel}","templated":true}]}}